{"id":12,"date":"2020-10-22T10:00:05","date_gmt":"2020-10-22T10:00:05","guid":{"rendered":"https:\/\/formations.ressourcesrepere.com\/index.php\/about-us\/"},"modified":"2023-06-06T15:29:44","modified_gmt":"2023-06-06T13:29:44","slug":"about-us","status":"publish","type":"page","link":"https:\/\/formations.ressourcesrepere.com\/index.php\/about-us\/","title":{"rendered":"A propos"},"content":{"rendered":"\n<div class=\"wp-block-uagb-container uagb-block-af17d19d alignfull uagb-is-root-container\"><div class=\"uagb-container-inner-blocks-wrap\">\n<h2 class=\"wp-block-heading has-cyan-bluish-gray-background-color has-background\" style=\"font-size:25px\">Pr\u00e9sentation<\/h2>\n\n\n\n<p><strong>RESSOURCES REP\u00c8RE,<\/strong><\/p>\n\n\n\n<p><strong>Tout un univers d\u2019opportunit\u00e9 !<\/strong><\/p>\n\n\n\n<p><strong>Nous sommes l\u2019un des cabinet de recrutement les plus performant en Afrique de l\u2019ouest, polyvalent et multisectoriel.<\/strong><\/p>\n\n\n\n<p><strong>Ressources Rep\u00e8re est \u00e9galement un cabinet sp\u00e9cialiste du recrutement de masse, classique et du recrutement par approche directe ou \u00ab chasse de t\u00eate \u00bb.<\/strong><\/p>\n\n\n\n<p><strong>Notre principale mission est d\u2019offrir \u00e0 nos clients une assistance compl\u00e8te et personnalis\u00e9e dans la recherche et la s\u00e9lection des futurs talents, afin de garantir leur d\u00e9veloppement et leur r\u00e9ussite.<\/strong><\/p>\n\n\n\n<p><strong>Site web<\/strong><\/p>\n\n\n\n<figure class=\"wp-block-embed\"><div class=\"wp-block-embed__wrapper\">\nhttps:\/\/ressources.repere.group\/\n<\/div><\/figure>\n\n\n\n<p><strong>T\u00e9l\u00e9phone<\/strong><\/p>\n\n\n\n<p><a rel=\"noreferrer noopener\" href=\"tel:+223 93 11 92 33\" target=\"_blank\">+223 93 11 92 33<\/a><\/p>\n\n\n\n<p><a rel=\"noreferrer noopener\" href=\"tel:+223 93 11 92 33\" target=\"_blank\">Le num\u00e9ro de t\u00e9l\u00e9phone est le<\/a><\/p>\n\n\n\n<p><a rel=\"noreferrer noopener\" href=\"tel:+223 93 11 92 33\" target=\"_blank\">+223 93 11 92 33<\/a><\/p>\n\n\n\n<p><strong>Secteur Recrutement<\/strong><\/p>\n<\/div><\/div>\n\n\n\n<div class=\"wp-block-uagb-container uagb-block-1c203910 alignfull uagb-is-root-container\"><div class=\"uagb-container-inner-blocks-wrap\">\n<div class=\"wp-block-uagb-container uagb-block-7ad2373a\"><\/div>\n\n\n\n<div class=\"wp-block-uagb-container uagb-block-a9316c9e\"><\/div>\n<\/div><\/div>\n\n\n\n<div class=\"wp-block-uagb-container uagb-block-1840f7d0 alignfull uagb-is-root-container\"><div class=\"uagb-container-inner-blocks-wrap\">\n<div class=\"wp-block-uagb-container uagb-block-3369f691\">\n<div class=\"wp-block-uagb-image alignright uagb-block-4f5fc649 wp-block-uagb-image--layout-default wp-block-uagb-image--effect-static wp-block-uagb-image--align-right\"><figure class=\"wp-block-uagb-image__figure\"><\/figure><\/div>\n<\/div>\n\n\n\n<div class=\"wp-block-uagb-container uagb-block-d99ac910\"><\/div>\n<\/div><\/div>\n\n\n\n<div class=\"wp-block-uagb-container uagb-block-63713574 alignfull uagb-is-root-container\"><div class=\"uagb-container-inner-blocks-wrap\"><\/div><\/div>\n\n\n\n<div class=\"wp-block-uagb-container uagb-block-caff3d54 alignfull uagb-is-root-container\"><div class=\"uagb-container-inner-blocks-wrap\"><\/div><\/div>\n","protected":false},"excerpt":{"rendered":"<p>Pr\u00e9sentation RESSOURCES REP\u00c8RE, Tout un univers d\u2019opportunit\u00e9 ! Nous sommes l\u2019un des cabinet de recrutement les plus performant en Afrique &hellip;<\/p>\n<p class=\"read-more\"> <a class=\"\" href=\"https:\/\/formations.ressourcesrepere.com\/index.php\/about-us\/\"> <span class=\"screen-reader-text\">A propos<\/span> Read More &raquo;<\/a><\/p>\n","protected":false},"author":1,"featured_media":0,"parent":0,"menu_order":0,"comment_status":"closed","ping_status":"closed","template":"","meta":{"_uag_custom_page_level_css":"","site-sidebar-layout":"no-sidebar","site-content-layout":"plain-container","ast-global-header-display":"","ast-banner-title-visibility":"","ast-main-header-display":"","ast-hfb-above-header-display":"","ast-hfb-below-header-display":"","ast-hfb-mobile-header-display":"","site-post-title":"disabled","ast-breadcrumbs-content":"disabled","ast-featured-img":"disabled","footer-sml-layout":"","theme-transparent-header-meta":"enabled","adv-header-id-meta":"","stick-header-meta":"","header-above-stick-meta":"","header-main-stick-meta":"","header-below-stick-meta":""},"uagb_featured_image_src":{"full":false,"thumbnail":false,"medium":false,"medium_large":false,"large":false,"1536x1536":false,"2048x2048":false},"uagb_author_info":{"display_name":"repereticsdata","author_link":"https:\/\/formations.ressourcesrepere.com\/index.php\/author\/repereticsdata\/"},"uagb_comment_info":0,"uagb_excerpt":"Pr\u00e9sentation RESSOURCES REP\u00c8RE, Tout un univers d\u2019opportunit\u00e9 ! Nous sommes l\u2019un des cabinet de recrutement les plus performant en Afrique &hellip; A propos Read More &raquo;","_links":{"self":[{"href":"https:\/\/formations.ressourcesrepere.com\/index.php\/wp-json\/wp\/v2\/pages\/12"}],"collection":[{"href":"https:\/\/formations.ressourcesrepere.com\/index.php\/wp-json\/wp\/v2\/pages"}],"about":[{"href":"https:\/\/formations.ressourcesrepere.com\/index.php\/wp-json\/wp\/v2\/types\/page"}],"author":[{"embeddable":true,"href":"https:\/\/formations.ressourcesrepere.com\/index.php\/wp-json\/wp\/v2\/users\/1"}],"replies":[{"embeddable":true,"href":"https:\/\/formations.ressourcesrepere.com\/index.php\/wp-json\/wp\/v2\/comments?post=12"}],"version-history":[{"count":13,"href":"https:\/\/formations.ressourcesrepere.com\/index.php\/wp-json\/wp\/v2\/pages\/12\/revisions"}],"predecessor-version":[{"id":27107,"href":"https:\/\/formations.ressourcesrepere.com\/index.php\/wp-json\/wp\/v2\/pages\/12\/revisions\/27107"}],"wp:attachment":[{"href":"https:\/\/formations.ressourcesrepere.com\/index.php\/wp-json\/wp\/v2\/media?parent=12"}],"curies":[{"name":"wp","href":"https:\/\/api.w.org\/{rel}","templated":true}]}}