{"id":18,"date":"2020-10-22T10:01:06","date_gmt":"2020-10-22T10:01:06","guid":{"rendered":"https:\/\/formations.ressourcesrepere.com\/index.php\/instructors\/"},"modified":"2023-05-31T15:04:24","modified_gmt":"2023-05-31T13:04:24","slug":"instructors","status":"publish","type":"page","link":"https:\/\/formations.ressourcesrepere.com\/index.php\/instructors\/","title":{"rendered":"Instructors"},"content":{"rendered":"\n<div data-aos= \"slide-down\" data-aos-duration=\"400\" data-aos-delay=\"0\" data-aos-easing=\"ease\" data-aos-once=\"true\" class=\"wp-block-uagb-container uagb-block-bde88d8a alignfull uagb-is-root-container\"><div class=\"uagb-container-inner-blocks-wrap\">\n<div class=\"wp-block-uagb-container uagb-block-6035db8a\">\n<div class=\"wp-block-uagb-image uagb-block-0c943056 wp-block-uagb-image--layout-default wp-block-uagb-image--effect-static wp-block-uagb-image--align-none\"><figure class=\"wp-block-uagb-image__figure\"><img decoding=\"async\" srcset=\"https:\/\/formations.ressourcesrepere.com\/wp-content\/uploads\/2023\/05\/326156489_891828195583279_2993992657551746998_n.jpg \" sizes=\"(max-width: 480px) 150px\" src=\"https:\/\/formations.ressourcesrepere.com\/wp-content\/uploads\/2023\/05\/326156489_891828195583279_2993992657551746998_n.jpg\" alt=\"\" class=\"uag-image-26941\" width=\"1080\" height=\"1080\" title=\"\" loading=\"lazy\"\/><\/figure><\/div>\n\n\n\n<p class=\"has-text-align-center\"><a href=\"https:\/\/staging.ressourcesrepere.com\/lp-profile\/YAB\/\"><strong>Yacouba Bouare<\/strong><\/a>         <\/p>\n\n\n\n<p>Consultant Formateur Excel avanc\u00e9 &amp; sp\u00e9cialiste De la gestion financi\u00e8re Des Projet\/programme De d\u00e9veloppement Au cours de mes exp\u00e9riences, Gestion comptable et financi\u00e8re des structure clientes.<\/p>\n<\/div>\n\n\n\n<div class=\"wp-block-uagb-container uagb-block-c45f8b8b\">\n<div class=\"wp-block-uagb-image uagb-block-040770ba wp-block-uagb-image--layout-default wp-block-uagb-image--effect-static wp-block-uagb-image--align-none\"><figure class=\"wp-block-uagb-image__figure\"><img decoding=\"async\" srcset=\"https:\/\/formations.ressourcesrepere.com\/wp-content\/uploads\/2023\/05\/311474234_3436808543312553_9198962166552145387_n.jpg \" sizes=\"(max-width: 480px) 150px\" src=\"https:\/\/formations.ressourcesrepere.com\/wp-content\/uploads\/2023\/05\/311474234_3436808543312553_9198962166552145387_n.jpg\" alt=\"\" class=\"uag-image-26942\" width=\"410\" height=\"240\" title=\"\" loading=\"lazy\"\/><\/figure><\/div>\n\n\n\n<p><a href=\"https:\/\/staging.ressourcesrepere.com\/lp-profile\/cio\/\">Issiaka Oumar CISSE<\/a><\/p>\n\n\n\n<p>Conf\u00e9rencier et formateur en employabilit\u00e9, ISSIAKA OUMAR CISSE est un pur produit de l\u2019\u00e9cole malienne, il a une dizaine d\u2019ann\u00e9e d\u2019exp\u00e9rience en cabinet d\u2019expertise comptable o\u00f9 il particip\u00e9 \u00e0 plusieurs comit\u00e9 et jury de recrutement. <\/p>\n<\/div>\n\n\n\n<div class=\"wp-block-uagb-container uagb-block-fa7c5b66\">\n<div class=\"wp-block-uagb-image uagb-block-06cd045a wp-block-uagb-image--layout-default wp-block-uagb-image--effect-static wp-block-uagb-image--align-none\"><figure class=\"wp-block-uagb-image__figure\"><img decoding=\"async\" srcset=\"https:\/\/formations.ressourcesrepere.com\/wp-content\/uploads\/2023\/05\/MG_1382-1-1024x683.jpg \" sizes=\"(max-width: 480px) 150px\" src=\"https:\/\/formations.ressourcesrepere.com\/wp-content\/uploads\/2023\/05\/MG_1382-1-1024x683.jpg\" alt=\"\" class=\"uag-image-26943\" width=\"1024\" height=\"683\" title=\"\" loading=\"lazy\"\/><\/figure><\/div>\n\n\n\n<div class=\"wp-block-uagb-advanced-heading uagb-block-019daf83\"><h6 class=\"uagb-heading-text\">Alhader Aboubakar<\/h6><\/div>\n<\/div>\n<\/div><\/div>\n\n\n\n<div class=\"wp-block-uagb-container uagb-block-3b059588 alignfull uagb-is-root-container\"><div class=\"uagb-container-inner-blocks-wrap\"><\/div><\/div>\n\n\n\n<div class=\"wp-block-uagb-container uagb-block-e804f5f0 alignfull uagb-is-root-container\"><div class=\"uagb-container-inner-blocks-wrap\">\n<div class=\"wp-block-uagb-container uagb-block-79672bd8\"><\/div>\n<\/div><\/div>\n","protected":false},"excerpt":{"rendered":"<p>Yacouba Bouare Consultant Formateur Excel avanc\u00e9 &amp; sp\u00e9cialiste De la gestion financi\u00e8re Des Projet\/programme De d\u00e9veloppement Au cours de mes &hellip;<\/p>\n<p class=\"read-more\"> <a class=\"\" href=\"https:\/\/formations.ressourcesrepere.com\/index.php\/instructors\/\"> <span class=\"screen-reader-text\">Instructors<\/span> Read More &raquo;<\/a><\/p>\n","protected":false},"author":1,"featured_media":0,"parent":0,"menu_order":0,"comment_status":"closed","ping_status":"closed","template":"","meta":{"_uag_custom_page_level_css":"","site-sidebar-layout":"no-sidebar","site-content-layout":"plain-container","ast-global-header-display":"","ast-banner-title-visibility":"","ast-main-header-display":"","ast-hfb-above-header-display":"","ast-hfb-below-header-display":"","ast-hfb-mobile-header-display":"","site-post-title":"disabled","ast-breadcrumbs-content":"disabled","ast-featured-img":"disabled","footer-sml-layout":"","theme-transparent-header-meta":"enabled","adv-header-id-meta":"","stick-header-meta":"","header-above-stick-meta":"","header-main-stick-meta":"","header-below-stick-meta":""},"uagb_featured_image_src":{"full":false,"thumbnail":false,"medium":false,"medium_large":false,"large":false,"1536x1536":false,"2048x2048":false},"uagb_author_info":{"display_name":"repereticsdata","author_link":"https:\/\/formations.ressourcesrepere.com\/index.php\/author\/repereticsdata\/"},"uagb_comment_info":0,"uagb_excerpt":"Yacouba Bouare Consultant Formateur Excel avanc\u00e9 &amp; sp\u00e9cialiste De la gestion financi\u00e8re Des Projet\/programme De d\u00e9veloppement Au cours de mes &hellip; Instructors Read More &raquo;","_links":{"self":[{"href":"https:\/\/formations.ressourcesrepere.com\/index.php\/wp-json\/wp\/v2\/pages\/18"}],"collection":[{"href":"https:\/\/formations.ressourcesrepere.com\/index.php\/wp-json\/wp\/v2\/pages"}],"about":[{"href":"https:\/\/formations.ressourcesrepere.com\/index.php\/wp-json\/wp\/v2\/types\/page"}],"author":[{"embeddable":true,"href":"https:\/\/formations.ressourcesrepere.com\/index.php\/wp-json\/wp\/v2\/users\/1"}],"replies":[{"embeddable":true,"href":"https:\/\/formations.ressourcesrepere.com\/index.php\/wp-json\/wp\/v2\/comments?post=18"}],"version-history":[{"count":4,"href":"https:\/\/formations.ressourcesrepere.com\/index.php\/wp-json\/wp\/v2\/pages\/18\/revisions"}],"predecessor-version":[{"id":27034,"href":"https:\/\/formations.ressourcesrepere.com\/index.php\/wp-json\/wp\/v2\/pages\/18\/revisions\/27034"}],"wp:attachment":[{"href":"https:\/\/formations.ressourcesrepere.com\/index.php\/wp-json\/wp\/v2\/media?parent=18"}],"curies":[{"name":"wp","href":"https:\/\/api.w.org\/{rel}","templated":true}]}}